{"id":9488,"date":"2024-09-10T17:20:54","date_gmt":"2024-09-10T15:20:54","guid":{"rendered":"https:\/\/peregrine.ee\/?page_id=9488"},"modified":"2024-09-17T16:29:56","modified_gmt":"2024-09-17T14:29:56","slug":"transporditingimused","status":"publish","type":"page","link":"https:\/\/peregrine.ee\/et\/transporditingimused\/","title":{"rendered":"Transporditingimused"},"content":{"rendered":"<div class=\"wpb-content-wrapper\"><p>[vc_row][vc_column css=&#8221;.vc_custom_1726172263785{padding-right: 50px !important;padding-bottom: 50px !important;padding-left: 50px !important;}&#8221; woodmart_css_id=&#8221;66e34c56c85db&#8221; parallax_scroll=&#8221;no&#8221; woodmart_sticky_column=&#8221;false&#8221; wd_collapsible_content_switcher=&#8221;no&#8221; wd_column_role_offcanvas_desktop=&#8221;no&#8221; wd_column_role_offcanvas_tablet=&#8221;no&#8221; wd_column_role_offcanvas_mobile=&#8221;no&#8221; wd_column_role_content_desktop=&#8221;no&#8221; wd_column_role_content_tablet=&#8221;no&#8221; wd_column_role_content_mobile=&#8221;no&#8221; mobile_bg_img_hidden=&#8221;no&#8221; tablet_bg_img_hidden=&#8221;no&#8221; woodmart_parallax=&#8221;0&#8243; woodmart_box_shadow=&#8221;no&#8221; responsive_spacing=&#8221;eyJwYXJhbV90eXBlIjoid29vZG1hcnRfcmVzcG9uc2l2ZV9zcGFjaW5nIiwic2VsZWN0b3JfaWQiOiI2NmUzNGM1NmM4NWRiIiwic2hvcnRjb2RlIjoidmNfY29sdW1uIiwiZGF0YSI6eyJ0YWJsZXQiOnt9LCJtb2JpbGUiOnt9fX0=&#8221; mobile_reset_margin=&#8221;no&#8221; tablet_reset_margin=&#8221;no&#8221; wd_z_index=&#8221;no&#8221;][vc_column_text css=&#8221;&#8221; woodmart_inline=&#8221;no&#8221; text_larger=&#8221;no&#8221;]<\/p>\n<h2>O\u00dc Peregrine tellimistingimused<\/h2>\n<h3><span style=\"font-size: 20px;\">Tellija peaks arvestama j\u00e4rgmiste tingimuste, \u00f5iguste ja kohustustega:<\/span><\/h3>\n<ol>\n<li><strong>Tellimuse sisu<\/strong><br \/>\nT\u00f6\u00f6v\u00f5tja kohustub osutama t\u00f5stuki ja\/v\u00f5i transporditeenust vastavalt Tellija tellimusele. Tellija kohustub tasuma osutatud teenuste eest vastavalt kokkulepitud hinnale ja esitatud arvele. Tasumine tuleb teha arvel m\u00e4rgitud t\u00e4htajaks. Makset\u00e4htaja \u00fcletamisel rakendatakse viivist 0,5% p\u00e4evas.<\/li>\n<li><strong>Litsentsid ja ettevalmistust\u00f6\u00f6d<\/strong><br \/>\nT\u00f6\u00f6v\u00f5tjal ei ole kohustust hankida vajalikke lube v\u00f5i koosk\u00f5lastusi, mis on vajalikud t\u00f6\u00f6de teostamiseks, nagu n\u00e4iteks transpordivahendi paigaldusload v\u00f5i tee sulgemise load, kui tellimuses pole teisiti kokku lepitud. T\u00f6\u00f6tsooni ettevalmistamine on Tellija kohustus.<\/li>\n<li><strong>Vastutus kolmandate isikute vara eest<\/strong><br \/>\nTellija vastutab igasuguste kolmandate isikute vara kahjustuste eest, mis tekivad t\u00f6\u00f6de teostamise k\u00e4igus, kui kahju on p\u00f5hjustatud objekti ebapiisavast ettevalmistamisest v\u00f5i Tellija hooletusest.<\/li>\n<li><strong>Vajalikud load<\/strong><br \/>\nKui t\u00f6\u00f6de teostamiseks on vaja spetsiaalseid lube v\u00f5i koosk\u00f5lastusi (nt tee sulgemise, seadmete paigaldamise v\u00f5i \u00fclegabariidiliste koormate vedamiseks), on Tellija kohustus need load hankida. Lubade puudumisel on T\u00f6\u00f6v\u00f5tjal \u00f5igus keelduda t\u00f6\u00f6de teostamisest ja n\u00f5uda saamata j\u00e4\u00e4nud tulu h\u00fcvitamist.<\/li>\n<li><strong>Lisakulud<\/strong><br \/>\nTellija kannab kulud, mis on seotud t\u00e4iendavate seadmete v\u00f5i mehhanismide kaasamisega tellimuse t\u00e4itmiseks, kui pole kokku lepitud teisiti.<\/li>\n<li><strong>Liikluse korraldamine<\/strong><br \/>\nKui t\u00f6\u00f6de teostamine n\u00f5uab liikluse t\u00e4ielikku v\u00f5i osalist \u00fcmberkorraldamist, peab Tellija koostama ja kinnitama liikluskorraldusskeemi ning tagama vajalike t\u00f5kete, liiklusm\u00e4rkide ja muude meetmete paigaldamise vastavalt kehtivatele \u00f5igusaktidele. Tellija vastutab ka objekti puhastamise eest p\u00e4rast t\u00f6\u00f6de l\u00f5petamist.<\/li>\n<li><strong>T\u00f6\u00f6de maksumus ja t\u00f6\u00f6aeg<\/strong><br \/>\nTellimuse maksumus h\u00f5lmab transpordivahendi renti t\u00f6\u00f6de teostamise ajaks vastavalt O\u00dc Peregrine hinnakirjale. Rendiaeg algab transpordivahendi v\u00e4ljumisest garaa\u017eist ja l\u00f5peb selle naasmisega garaa\u017ei. Minimaalne rendiaeg on 2 tundi, rendiaeg arvutatakse poole tunni t\u00e4psusega.<\/li>\n<li><strong>Lisakulud v\u00e4ljaspool t\u00f6\u00f6aega<\/strong><br \/>\nV\u00e4ljaspool tavap\u00e4rast t\u00f6\u00f6aega ning n\u00e4dalavahetustel ja p\u00fchadel tehtavad t\u00f6\u00f6d tasustatakse 50% lisatasuga, kui pole kokku lepitud teisiti.<\/li>\n<li><strong>Vastutus kahju eest<\/strong><br \/>\nTellija vastutab transpordivahendile tekitatud kahju eest, kui kahju on p\u00f5hjustatud Tellija s\u00fc\u00fcl. Kui transpordivahend on tugevalt m\u00e4\u00e4rdunud v\u00f5i j\u00e4\u00e4b objektilse kinni, katab Tellija pesemis- ja pukseerimiskulud.<\/li>\n<li><strong>N\u00f5uete esitamine<\/strong><br \/>\nK\u00f5ik n\u00f5uded teenuste kvaliteedi kohta tuleb esitada kirjalikult 24 tunni jooksul p\u00e4rast juhtumit. T\u00f6\u00f6v\u00f5tja esindaja peab n\u00f5ude lahendamiseks olema kutsutud objekti juurde. Hilisemaid n\u00f5udeid ei k\u00e4sitleta.<\/li>\n<li><strong>Garantii ja volitused<\/strong><br \/>\nTellija seaduslikud esindajad v\u00f5i volitatud isikud, kes on esitanud garantiikirja, vastutavad solidaarv\u00f5lgnikena Tellija kohustuste eest T\u00f6\u00f6v\u00f5tja ees.<\/li>\n<li><strong>Tellimuse j\u00f5ustumine<\/strong><br \/>\nTellimus loetakse j\u00f5ustunuks alates garantiikirja allkirjastamisest Tellija v\u00f5i tema esindaja poolt koos m\u00e4rkega, et Tellija on tutvunud tellimistingimuste ja O\u00dc Peregrine hinnakirjaga. Kui hiljem selgub, et allkirjastajal polnud Tellija volitust, loetakse leping s\u00f5lmituks T\u00f6\u00f6v\u00f5tja ja allkirjastanud isiku vahel. Sellisel juhul vastutab allkirjastaja k\u00f5ikide tellimuse kohustuste t\u00e4itmise ja arve tasumise eest.<\/li>\n<\/ol>\n<p>[\/vc_column_text][\/vc_column][\/vc_row]<\/p>\n<\/div>","protected":false},"excerpt":{"rendered":"<p>[vc_row][vc_column css=&#8221;.vc_custom_1726172263785{padding-right: 50px !important;padding-bottom: 50px !important;padding-left: 50px !important;}&#8221; woodmart_css_id=&#8221;66e34c56c85db&#8221; parallax_scroll=&#8221;no&#8221; woodmart_sticky_column=&#8221;false&#8221; wd_collapsible_content_switcher=&#8221;no&#8221; wd_column_role_offcanvas_desktop=&#8221;no&#8221; wd_column_role_offcanvas_tablet=&#8221;no&#8221; wd_column_role_offcanvas_mobile=&#8221;no&#8221; wd_column_role_content_desktop=&#8221;no&#8221; wd_column_role_content_tablet=&#8221;no&#8221; wd_column_role_content_mobile=&#8221;no&#8221; mobile_bg_img_hidden=&#8221;no&#8221; tablet_bg_img_hidden=&#8221;no&#8221;<\/p>\n","protected":false},"author":1,"featured_media":0,"parent":0,"menu_order":0,"comment_status":"closed","ping_status":"closed","template":"","meta":{"footnotes":""},"class_list":["post-9488","page","type-page","status-publish","hentry"],"_links":{"self":[{"href":"https:\/\/peregrine.ee\/et\/wp-json\/wp\/v2\/pages\/9488"}],"collection":[{"href":"https:\/\/peregrine.ee\/et\/wp-json\/wp\/v2\/pages"}],"about":[{"href":"https:\/\/peregrine.ee\/et\/wp-json\/wp\/v2\/types\/page"}],"author":[{"embeddable":true,"href":"https:\/\/peregrine.ee\/et\/wp-json\/wp\/v2\/users\/1"}],"replies":[{"embeddable":true,"href":"https:\/\/peregrine.ee\/et\/wp-json\/wp\/v2\/comments?post=9488"}],"version-history":[{"count":0,"href":"https:\/\/peregrine.ee\/et\/wp-json\/wp\/v2\/pages\/9488\/revisions"}],"wp:attachment":[{"href":"https:\/\/peregrine.ee\/et\/wp-json\/wp\/v2\/media?parent=9488"}],"curies":[{"name":"wp","href":"https:\/\/api.w.org\/{rel}","templated":true}]}}